{"id":312,"date":"2022-04-09T04:51:06","date_gmt":"2022-04-09T04:51:06","guid":{"rendered":"https:\/\/ktg.live-website.com\/?page_id=312"},"modified":"2026-04-17T10:54:02","modified_gmt":"2026-04-17T10:54:02","slug":"impressum","status":"publish","type":"page","link":"https:\/\/ktg.org\/en\/impressum","title":{"rendered":"Imprint"},"content":{"rendered":"<div data-elementor-type=\"wp-page\" data-elementor-id=\"312\" class=\"elementor elementor-312\">\n\t\t\t\t\t\t<section class=\"elementor-section elementor-top-section elementor-element elementor-element-d2b02e0 elementor-section-boxed elementor-section-height-default elementor-section-height-default\" data-id=\"d2b02e0\" data-element_type=\"section\" data-e-type=\"section\">\n\t\t\t\t\t\t<div class=\"elementor-container elementor-column-gap-default\">\n\t\t\t\t\t<div class=\"elementor-column elementor-col-100 elementor-top-column elementor-element elementor-element-2f92ac3\" data-id=\"2f92ac3\" data-element_type=\"column\" data-e-type=\"column\">\n\t\t\t<div class=\"elementor-widget-wrap elementor-element-populated\">\n\t\t\t\t\t\t<div class=\"elementor-element elementor-element-0778e5f elementor-widget elementor-widget-text-editor\" data-id=\"0778e5f\" data-element_type=\"widget\" data-e-type=\"widget\" data-widget_type=\"text-editor.default\">\n\t\t\t\t<div class=\"elementor-widget-container\">\n\t\t\t\t\t\t\t\t\t<div class=\"elementStandard elementContent elementHeadline elementHeadline_var0\" id=\"anchor_91c78125_Impressum\"><h1>Imprint<\/h1><\/div><div class=\"elementStandard elementContent elementHeadline elementHeadline_var0\" id=\"anchor_c273b381_Herausgeber--Redaktion\"><h2>Publisher, editorial office<\/h2><\/div><div class=\"elementStandard elementContent elementText elementText_var0\"><p><span><strong>Nuclear Society e. V. (KTG)<\/strong><br \/>Berliner Strasse 88A<br \/><\/span>13467 Berlin<\/p><p><span>Tel.: +49 30 319 88 299<br \/><\/span><a href=\"mailto:info@ktg.org\" class=\"wpst\">info@ktg.org<\/a><br \/><a href=\"https:\/\/ktg.org\/en\/\" title=\"www.ktg.org\" class=\"intern\">www.ktg.org<\/a><\/p><p>Managing Director: Nicole Koch<br \/>Chairman of the Management Board: Frank Apel<br \/>Registered office: Berlin | Register of Associations: Charlottenburg Local Court VR 23096 B<\/p><\/div><div class=\"elementClearer\"><\/div><h2><span style=\"font-size: 32px;\">Concept,<\/span><span style=\"font-size: 32px;\">\u00a0<\/span><span style=\"font-size: 32px;\">Design<\/span><span style=\"font-size: 32px;\">\u00a0<\/span><span style=\"font-size: 32px;\">and programming<\/span><\/h2><div><p><strong>Tin Man - Photography &amp; Online Marketing<\/strong><br \/><a href=\"http:\/\/www.tin-man.de\/\">www.tin-man.de<\/a><br \/><a href=\"mailto:mail@tin-man.de\">mail@tin-man.de<\/a><\/p><\/div><div class=\"elementClearerWithSpace spacer2\"><\/div><h2><span style=\"font-size: 32px;\">Disclaimer<\/span><\/h2><div class=\"elementStandard elementContent elementText elementText_var0\"><h3><strong>Contents<\/strong><\/h3><p>The website ktg.org (hereinafter referred to as the author) assumes no liability for the topicality, correctness, completeness or quality of the information provided. Liability claims against the author relating to any damage caused by the use or non-use of the information provided or by the use of incorrect or incomplete information are fundamentally excluded. All offers are subject to change and non-binding.<\/p><h3><strong>Copyright and labelling law<\/strong><\/h3><p>The author endeavours to observe the copyrights of the graphics, sound documents, video sequences and texts used in all publications, to use graphics, sound documents, video sequences and texts created by himself or to make use of licence-free graphics, sound documents, video sequences and texts.<\/p><p>All brand names and trademarks mentioned on the website and possibly protected by third parties are subject without restriction to the provisions of the applicable trademark law and the ownership rights of the respective registered owners. The copyright for published objects created by the author himself remains solely with the author of ktg.org. Reproduction or use of such objects in other electronic or printed publications is not permitted without the express consent of the author.<\/p><h3><strong>Legal validity of this disclaimer<\/strong><\/h3><p><strong><\/strong>This disclaimer is to be regarded as part of the internet publication ktg.org. Insofar as parts or formulations of this text do not, do not completely or in the future partially or completely do not correspond to the applicable legal situation, the remaining parts of this disclaimer remain unaffected in their content and validity. The respective valid legal provision shall take precedence.<\/p><\/div>\t\t\t\t\t\t\t\t<\/div>\n\t\t\t\t<\/div>\n\t\t\t\t\t<\/div>\n\t\t<\/div>\n\t\t\t\t\t<\/div>\n\t\t<\/section>\n\t\t\t\t<\/div>","protected":false},"excerpt":{"rendered":"<p>Impressum Herausgeber, Redaktion Kerntechnische Gesellschaft e. V. (KTG)Berliner Stra\u00dfe 88A13467 Berlin Tel.: +49 30 319 88 299info@ktg.orgwww.ktg.org Gesch\u00e4ftsf\u00fchrerin: Nicole KochVorsitzender des Vorstands: Frank ApelSitz: Berlin |\u00a0Vereinsregister: Amtsgericht Charlottenburg VR 23096 B Konzeption,\u00a0Design\u00a0and Programmierung Tin Man \u2013 Fotografie &amp; Online Marketingwww.tin-man.demail@tin-man.de Disclaimer Inhalt Das Internet-Angebot ktg.org (im Weiteren als Autor bezeichnet) [&hellip;]<\/p>\n","protected":false},"author":1,"featured_media":0,"parent":0,"menu_order":0,"comment_status":"closed","ping_status":"closed","template":"page-templates\/template-pagebuilder-full-width.php","meta":{"footnotes":""},"class_list":["post-312","page","type-page","status-publish","hentry"],"aioseo_notices":[],"_links":{"self":[{"href":"https:\/\/ktg.org\/en\/wp-json\/wp\/v2\/pages\/312","targetHints":{"allow":["GET"]}}],"collection":[{"href":"https:\/\/ktg.org\/en\/wp-json\/wp\/v2\/pages"}],"about":[{"href":"https:\/\/ktg.org\/en\/wp-json\/wp\/v2\/types\/page"}],"author":[{"embeddable":true,"href":"https:\/\/ktg.org\/en\/wp-json\/wp\/v2\/users\/1"}],"replies":[{"embeddable":true,"href":"https:\/\/ktg.org\/en\/wp-json\/wp\/v2\/comments?post=312"}],"version-history":[{"count":0,"href":"https:\/\/ktg.org\/en\/wp-json\/wp\/v2\/pages\/312\/revisions"}],"wp:attachment":[{"href":"https:\/\/ktg.org\/en\/wp-json\/wp\/v2\/media?parent=312"}],"curies":[{"name":"wp","href":"https:\/\/api.w.org\/{rel}","templated":true}]}}