{"id":2,"date":"2022-03-19T03:50:46","date_gmt":"2022-03-19T03:50:46","guid":{"rendered":"https:\/\/ktg.live-website.com\/?page_id=2"},"modified":"2024-11-07T00:48:30","modified_gmt":"2024-11-07T00:48:30","slug":"ktg-aufnahmeantrag-2","status":"publish","type":"page","link":"https:\/\/ktg.org\/en\/ktg-aufnahmeantrag-2","title":{"rendered":"KTG application for admission"},"content":{"rendered":"\t\t<div data-elementor-type=\"wp-page\" data-elementor-id=\"2\" class=\"elementor elementor-2\">\n\t\t\t\t\t\t<section class=\"elementor-section elementor-top-section elementor-element elementor-element-bdbe0f8 elementor-section-boxed elementor-section-height-default elementor-section-height-default\" data-id=\"bdbe0f8\" data-element_type=\"section\" data-e-type=\"section\">\n\t\t\t\t\t\t<div class=\"elementor-container elementor-column-gap-default\">\n\t\t\t\t\t<div class=\"elementor-column elementor-col-100 elementor-top-column elementor-element elementor-element-c7cb27b\" data-id=\"c7cb27b\" data-element_type=\"column\" data-e-type=\"column\">\n\t\t\t<div class=\"elementor-widget-wrap elementor-element-populated\">\n\t\t\t\t\t\t<div class=\"elementor-element elementor-element-29acdb8 elementor-widget elementor-widget-wpforms\" data-id=\"29acdb8\" data-element_type=\"widget\" data-e-type=\"widget\" data-widget_type=\"wpforms.default\">\n\t\t\t\t<div class=\"elementor-widget-container\">\n\t\t\t\t\t<div class=\"wpforms-container wpforms-container-full\" id=\"wpforms-1171\"><form id=\"wpforms-form-1171\" class=\"wpforms-validate wpforms-form\" data-formid=\"1171\" method=\"post\" enctype=\"multipart\/form-data\" action=\"\/en\/wp-json\/wp\/v2\/pages\/2\" data-token=\"833a8e3856a305519bf14d8a7c0aac75\" data-token-time=\"1777192200\"><noscript class=\"wpforms-error-noscript\">Please enable JavaScript in your browser to complete this form.<\/noscript><div class=\"wpforms-field-container\"><div id=\"wpforms-1171-field_8-container\" class=\"wpforms-field wpforms-field-name\" data-field-id=\"8\"><label class=\"wpforms-field-label\">Name <span class=\"wpforms-required-label\">*<\/span><\/label><div class=\"wpforms-field-row wpforms-field-large\"><div class=\"wpforms-field-row-block wpforms-first wpforms-one-half\"><input type=\"text\" id=\"wpforms-1171-field_8\" class=\"wpforms-field-name-first wpforms-field-required\" name=\"wpforms[fields][8][first]\" required><label for=\"wpforms-1171-field_8\" class=\"wpforms-field-sublabel after\">First<\/label><\/div><div class=\"wpforms-field-row-block wpforms-one-half\"><input type=\"text\" id=\"wpforms-1171-field_8-last\" class=\"wpforms-field-name-last wpforms-field-required\" name=\"wpforms[fields][8][last]\" required><label for=\"wpforms-1171-field_8-last\" class=\"wpforms-field-sublabel after\">Last<\/label><\/div><\/div><\/div><div id=\"wpforms-1171-field_13-container\" class=\"wpforms-field wpforms-field-text\" data-field-id=\"13\"><label class=\"wpforms-field-label\" for=\"wpforms-1171-field_13\">Adresse (Stra\u00dfe &amp; Hausnummer) <span class=\"wpforms-required-label\">*<\/span><\/label><input type=\"text\" id=\"wpforms-1171-field_13\" class=\"wpforms-field-large wpforms-field-required\" name=\"wpforms[fields][13]\" required><\/div><div id=\"wpforms-1171-field_34-container\" class=\"wpforms-field wpforms-field-text\" data-field-id=\"34\"><label class=\"wpforms-field-label\" for=\"wpforms-1171-field_34\">Adresse (PLZ) <span class=\"wpforms-required-label\">*<\/span><\/label><input type=\"text\" id=\"wpforms-1171-field_34\" class=\"wpforms-field-large wpforms-field-required\" name=\"wpforms[fields][34]\" required><\/div><div id=\"wpforms-1171-field_35-container\" class=\"wpforms-field wpforms-field-text\" data-field-id=\"35\"><label class=\"wpforms-field-label\" for=\"wpforms-1171-field_35\">Adresse (Stadt) <span class=\"wpforms-required-label\">*<\/span><\/label><input type=\"text\" id=\"wpforms-1171-field_35\" class=\"wpforms-field-large wpforms-field-required\" name=\"wpforms[fields][35]\" required><\/div><div id=\"wpforms-1171-field_33-container\" class=\"wpforms-field wpforms-field-text\" data-field-id=\"33\"><label class=\"wpforms-field-label\" for=\"wpforms-1171-field_33\">Adresse (Land) <span class=\"wpforms-required-label\">*<\/span><\/label><input type=\"text\" id=\"wpforms-1171-field_33\" class=\"wpforms-field-large wpforms-field-required\" name=\"wpforms[fields][33]\" required><\/div><div id=\"wpforms-1171-field_3-container\" class=\"wpforms-field wpforms-field-email\" data-field-id=\"3\"><label class=\"wpforms-field-label\" for=\"wpforms-1171-field_3\">Ihre Email Adresse <span class=\"wpforms-required-label\">*<\/span><\/label><input type=\"email\" id=\"wpforms-1171-field_3\" class=\"wpforms-field-large wpforms-field-required\" name=\"wpforms[fields][3]\" placeholder=\"Ihre Email Adresse\" spellcheck=\"false\" required><\/div><div id=\"wpforms-1171-field_32-container\" class=\"wpforms-field wpforms-field-select wpforms-field-select-style-classic\" data-field-id=\"32\"><label class=\"wpforms-field-label\" for=\"wpforms-1171-field_32\">Akademischer Titel<\/label><select id=\"wpforms-1171-field_32\" class=\"wpforms-field-large\" name=\"wpforms[fields][32]\"><option value=\"-\"  class=\"choice-4 depth-1\"  >-<\/option><option value=\"Dr.\"  class=\"choice-1 depth-1\"  >Dr.<\/option><option value=\"Dipl.\"  class=\"choice-2 depth-1\"  >Dipl.<\/option><option value=\"Kfm.\"  class=\"choice-3 depth-1\"  >Kfm.<\/option><\/select><\/div><div id=\"wpforms-1171-field_17-container\" class=\"wpforms-field wpforms-field-text\" data-field-id=\"17\"><label class=\"wpforms-field-label\" for=\"wpforms-1171-field_17\">Geburtstag <span class=\"wpforms-required-label\">*<\/span><\/label><input type=\"text\" id=\"wpforms-1171-field_17\" class=\"wpforms-field-large wpforms-field-required\" name=\"wpforms[fields][17]\" required><\/div><div id=\"wpforms-1171-field_18-container\" class=\"wpforms-field wpforms-field-text\" data-field-id=\"18\"><label class=\"wpforms-field-label\" for=\"wpforms-1171-field_18\">Telefonnumer <span class=\"wpforms-required-label\">*<\/span><\/label><input type=\"text\" id=\"wpforms-1171-field_18\" class=\"wpforms-field-large wpforms-field-required\" name=\"wpforms[fields][18]\" required><\/div><div id=\"wpforms-1171-field_12-container\" class=\"wpforms-field wpforms-field-text\" data-field-id=\"12\"><label class=\"wpforms-field-label\" for=\"wpforms-1171-field_12\">Firma\/Funktion<\/label><input type=\"text\" id=\"wpforms-1171-field_12\" class=\"wpforms-field-large\" name=\"wpforms[fields][12]\" ><\/div><div id=\"wpforms-1171-field_20-container\" class=\"wpforms-field wpforms-field-radio wpforms-list-2-columns\" data-field-id=\"20\"><label class=\"wpforms-field-label\">Ich beantrage die Aufnahme in die Kerntechnische Gesellschaft e. V. (KTG) als: <span class=\"wpforms-required-label\">*<\/span><\/label><ul id=\"wpforms-1171-field_20\" class=\"wpforms-field-required\"><li class=\"choice-1 depth-1\"><input type=\"radio\" id=\"wpforms-1171-field_20_1\" name=\"wpforms[fields][20]\" value=\"F\u00f6rdermitglied\" required ><label class=\"wpforms-field-label-inline\" for=\"wpforms-1171-field_20_1\">F\u00f6rdermitglied<\/label><\/li><li class=\"choice-2 depth-1\"><input type=\"radio\" id=\"wpforms-1171-field_20_2\" name=\"wpforms[fields][20]\" value=\"Einzelmitglied\" required ><label class=\"wpforms-field-label-inline\" for=\"wpforms-1171-field_20_2\">Einzelmitglied<\/label><\/li><\/ul><div class=\"wpforms-field-description\">(Beitr\u00e4ge siehe Beitragsordnung, Aufnahmevoraussetzungen siehe Satzung)<\/div><\/div><div id=\"wpforms-1171-field_21-container\" class=\"wpforms-field wpforms-field-radio wpforms-list-inline\" data-field-id=\"21\"><label class=\"wpforms-field-label\">Status: <span class=\"wpforms-required-label\">*<\/span><\/label><ul id=\"wpforms-1171-field_21\" class=\"wpforms-field-required\"><li class=\"choice-1 depth-1\"><input type=\"radio\" id=\"wpforms-1171-field_21_1\" name=\"wpforms[fields][21]\" value=\"erwerbst\u00e4tig\" required ><label class=\"wpforms-field-label-inline\" for=\"wpforms-1171-field_21_1\">erwerbst\u00e4tig<\/label><\/li><li class=\"choice-2 depth-1\"><input type=\"radio\" id=\"wpforms-1171-field_21_2\" name=\"wpforms[fields][21]\" value=\"Student\/in**\" required ><label class=\"wpforms-field-label-inline\" for=\"wpforms-1171-field_21_2\">Student\/in**<\/label><\/li><li class=\"choice-4 depth-1\"><input type=\"radio\" id=\"wpforms-1171-field_21_4\" name=\"wpforms[fields][21]\" value=\"Rentner\/in, erwerbslos**\" required ><label class=\"wpforms-field-label-inline\" for=\"wpforms-1171-field_21_4\">Rentner\/in, erwerbslos**<\/label><\/li><li class=\"choice-5 depth-1\"><input type=\"radio\" id=\"wpforms-1171-field_21_5\" name=\"wpforms[fields][21]\" value=\"Doppelmitgliedschaft**\" required ><label class=\"wpforms-field-label-inline\" for=\"wpforms-1171-field_21_5\">Doppelmitgliedschaft**<\/label><\/li><\/ul><div class=\"wpforms-field-description\">**) Bitte Nachweis beif\u00fcgen<\/div><\/div><div id=\"wpforms-1171-field_38-container\" class=\"wpforms-field wpforms-field-payment-checkbox wpforms-list-inline\" data-field-id=\"38\"><label class=\"wpforms-field-label\">Fachgruppe\/n: <span class=\"wpforms-required-label\">*<\/span><\/label><ul id=\"wpforms-1171-field_38\" class=\"wpforms-field-required\"><li class=\"choice-1\"><input type=\"checkbox\" id=\"wpforms-1171-field_38_1\" class=\"wpforms-payment-price\" data-amount=\"0.00\" name=\"wpforms[fields][38][]\" value=\"1\" required ><label class=\"wpforms-field-label-inline\" for=\"wpforms-1171-field_38_1\">Betrieb und Sicherheit<\/label><\/li><li class=\"choice-2\"><input type=\"checkbox\" id=\"wpforms-1171-field_38_2\" class=\"wpforms-payment-price\" data-amount=\"0.00\" name=\"wpforms[fields][38][]\" value=\"2\" required ><label class=\"wpforms-field-label-inline\" for=\"wpforms-1171-field_38_2\">Kernfusion<\/label><\/li><li class=\"choice-3\"><input type=\"checkbox\" id=\"wpforms-1171-field_38_3\" class=\"wpforms-payment-price\" data-amount=\"0.00\" name=\"wpforms[fields][38][]\" value=\"3\" required ><label class=\"wpforms-field-label-inline\" for=\"wpforms-1171-field_38_3\">Strahlenschutz<\/label><\/li><li class=\"choice-4\"><input type=\"checkbox\" id=\"wpforms-1171-field_38_4\" class=\"wpforms-payment-price\" data-amount=\"0.00\" name=\"wpforms[fields][38][]\" value=\"4\" required ><label class=\"wpforms-field-label-inline\" for=\"wpforms-1171-field_38_4\">Nutzen der Kerntechnik und Energiesysteme<\/label><\/li><li class=\"choice-5\"><input type=\"checkbox\" id=\"wpforms-1171-field_38_5\" class=\"wpforms-payment-price\" data-amount=\"0.00\" name=\"wpforms[fields][38][]\" value=\"5\" required ><label class=\"wpforms-field-label-inline\" for=\"wpforms-1171-field_38_5\">Internationale Entwicklung innovativer Reaktorsysteme<\/label><\/li><li class=\"choice-6\"><input type=\"checkbox\" id=\"wpforms-1171-field_38_6\" class=\"wpforms-payment-price\" data-amount=\"0.00\" name=\"wpforms[fields][38][]\" value=\"6\" required ><label class=\"wpforms-field-label-inline\" for=\"wpforms-1171-field_38_6\">Stilllegung und Entsorgung<\/label><\/li><\/ul><div class=\"wpforms-field-description\">(Bitte maximal zwei ankreuzen)<\/div><\/div><div id=\"wpforms-1171-field_23-container\" class=\"wpforms-field wpforms-field-radio\" data-field-id=\"23\"><label class=\"wpforms-field-label\">Hiermit erm\u00e4chtige ich <span class=\"wpforms-required-label\">*<\/span><\/label><ul id=\"wpforms-1171-field_23\" class=\"wpforms-field-required\"><li class=\"choice-1 depth-1\"><input type=\"radio\" id=\"wpforms-1171-field_23_1\" name=\"wpforms[fields][23]\" value=\"die Kerntechnische Gesellschaft e.V. (KTG) den Beitrag im Lastschriftverfahren bis auf  Widerruf von meinem Konto abzubuchen. Im Falle einer fehlgeschlagenen Lastschrift aufgrund einer inkorrekten  Kontoverbindung oder unzureichender Deckung werde ich mit den entstandenen Geb\u00fchren belastet.\" required ><label class=\"wpforms-field-label-inline\" for=\"wpforms-1171-field_23_1\">die Kerntechnische Gesellschaft e.V. (KTG) den Beitrag im Lastschriftverfahren bis auf  Widerruf von meinem Konto abzubuchen. Im Falle einer fehlgeschlagenen Lastschrift aufgrund einer inkorrekten  Kontoverbindung oder unzureichender Deckung werde ich mit den entstandenen Geb\u00fchren belastet.<\/label><\/li><\/ul><\/div><div id=\"wpforms-1171-field_27-container\" class=\"wpforms-field wpforms-field-text wpforms-one-half wpforms-first wpforms-firstwpforms-one-fourth\" data-field-id=\"27\"><label class=\"wpforms-field-label\" for=\"wpforms-1171-field_27\">Bank <span class=\"wpforms-required-label\">*<\/span><\/label><input type=\"text\" id=\"wpforms-1171-field_27\" class=\"wpforms-field-small wpforms-field-required\" name=\"wpforms[fields][27]\" required><\/div><div id=\"wpforms-1171-field_29-container\" class=\"wpforms-field wpforms-field-text wpforms-one-half wpforms-one-halfwpforms-one-fourth\" data-field-id=\"29\"><label class=\"wpforms-field-label\" for=\"wpforms-1171-field_29\">Kontoinhaber\/in <span class=\"wpforms-required-label\">*<\/span><\/label><input type=\"text\" id=\"wpforms-1171-field_29\" class=\"wpforms-field-small wpforms-field-required\" name=\"wpforms[fields][29]\" required><\/div><div id=\"wpforms-1171-field_30-container\" class=\"wpforms-field wpforms-field-text wpforms-one-half wpforms-first wpforms-firstwpforms-one-fourth\" data-field-id=\"30\"><label class=\"wpforms-field-label\" for=\"wpforms-1171-field_30\">IBAN <span class=\"wpforms-required-label\">*<\/span><\/label><input type=\"text\" id=\"wpforms-1171-field_30\" class=\"wpforms-field-small wpforms-field-required\" name=\"wpforms[fields][30]\" required><\/div><div id=\"wpforms-1171-field_28-container\" class=\"wpforms-field wpforms-field-text wpforms-one-half wpforms-one-halfwpforms-one-fourth\" data-field-id=\"28\"><label class=\"wpforms-field-label\" for=\"wpforms-1171-field_28\">BIC <span class=\"wpforms-required-label\">*<\/span><\/label><input type=\"text\" id=\"wpforms-1171-field_28\" class=\"wpforms-field-small wpforms-field-required\" name=\"wpforms[fields][28]\" required><\/div><div id=\"wpforms-1171-field_24-container\" class=\"wpforms-field wpforms-field-radio wpforms-list-2-columns\" data-field-id=\"24\"><label class=\"wpforms-field-label\">Offizielle Mitgliederzeitschrift der Kerntechnischen Gesellschaft e.V. (KTG) <span class=\"wpforms-required-label\">*<\/span><\/label><ul id=\"wpforms-1171-field_24\" class=\"wpforms-field-required\"><li class=\"choice-1 depth-1\"><input type=\"radio\" id=\"wpforms-1171-field_24_1\" name=\"wpforms[fields][24]\" value=\"atw digital\" required ><label class=\"wpforms-field-label-inline\" for=\"wpforms-1171-field_24_1\">atw digital<\/label><\/li><li class=\"choice-2 depth-1\"><input type=\"radio\" id=\"wpforms-1171-field_24_2\" name=\"wpforms[fields][24]\" value=\"atw Print (Papierform)\" required ><label class=\"wpforms-field-label-inline\" for=\"wpforms-1171-field_24_2\">atw Print (Papierform)<\/label><\/li><\/ul><div class=\"wpforms-field-description\">Bezug<\/div><\/div><div id=\"wpforms-1171-field_25-container\" class=\"wpforms-field wpforms-field-radio\" data-field-id=\"25\"><label class=\"wpforms-field-label\">Ich  <span class=\"wpforms-required-label\">*<\/span><\/label><ul id=\"wpforms-1171-field_25\" class=\"wpforms-field-required\"><li class=\"choice-1 depth-1\"><input type=\"radio\" id=\"wpforms-1171-field_25_1\" name=\"wpforms[fields][25]\" value=\"bin damit einverstanden, dass mein Geburtstag in der Rubrik \u201eKTG Inside\u201c  der \u201eatw \u2013 International Journal for Nuclear Power\u201c ver\u00f6ffentlicht wird.\" required ><label class=\"wpforms-field-label-inline\" for=\"wpforms-1171-field_25_1\">bin damit einverstanden, dass mein Geburtstag in der Rubrik \u201eKTG Inside\u201c  der \u201eatw \u2013 International Journal for Nuclear Power\u201c ver\u00f6ffentlicht wird.<\/label><\/li><li class=\"choice-6 depth-1\"><input type=\"radio\" id=\"wpforms-1171-field_25_6\" name=\"wpforms[fields][25]\" value=\"bin NICHT damit einverstanden, dass mein Geburtstag in der Rubrik \u201eKTG Inside\u201c  der \u201eatw \u2013 International Journal for Nuclear Power\u201c ver\u00f6ffentlicht wird.\" required ><label class=\"wpforms-field-label-inline\" for=\"wpforms-1171-field_25_6\">bin NICHT damit einverstanden, dass mein Geburtstag in der Rubrik \u201eKTG Inside\u201c  der \u201eatw \u2013 International Journal for Nuclear Power\u201c ver\u00f6ffentlicht wird.<\/label><\/li><\/ul><\/div><div id=\"wpforms-1171-field_36-container\" class=\"wpforms-field wpforms-field-radio\" data-field-id=\"36\"><label class=\"wpforms-field-label\">Ich <span class=\"wpforms-required-label\">*<\/span><\/label><ul id=\"wpforms-1171-field_36\" class=\"wpforms-field-required\"><li class=\"choice-5 depth-1\"><input type=\"radio\" id=\"wpforms-1171-field_36_5\" name=\"wpforms[fields][36]\" value=\"erkl\u00e4re mich damit einverstanden, dass meine hier angegebenen Daten ausschlie\u00dflich zur Mitgliederkommunikation  und zur Bereitstellung branchennaher Informationen verwendet wird. Gem\u00e4\u00df \u00a715 DSGVO und \u00a717 DSGVO kann ich bei  Bedarf jederzeit von meinem Auskunftsrecht und von meinem Recht auf Datenl\u00f6schung Gebrauch machen.\" required ><label class=\"wpforms-field-label-inline\" for=\"wpforms-1171-field_36_5\">erkl\u00e4re mich damit einverstanden, dass meine hier angegebenen Daten ausschlie\u00dflich zur Mitgliederkommunikation  und zur Bereitstellung branchennaher Informationen verwendet wird. Gem\u00e4\u00df \u00a715 DSGVO und \u00a717 DSGVO kann ich bei  Bedarf jederzeit von meinem Auskunftsrecht und von meinem Recht auf Datenl\u00f6schung Gebrauch machen.<\/label><\/li><\/ul><\/div><\/div><!-- .wpforms-field-container --><div class=\"wpforms-recaptcha-container wpforms-is-recaptcha wpforms-is-recaptcha-type-v2\" ><div class=\"g-recaptcha\" data-sitekey=\"6Ld3i8InAAAAAJKGKBKsJH1TAzsZZ4W1omlwAVSQ\"><\/div><input type=\"text\" name=\"g-recaptcha-hidden\" class=\"wpforms-recaptcha-hidden\" style=\"position:absolute!important;clip:rect(0,0,0,0)!important;height:1px!important;width:1px!important;border:0!important;overflow:hidden!important;padding:0!important;margin:0!important;\" data-rule-recaptcha=\"1\"><\/div><div class=\"wpforms-submit-container\" ><input type=\"hidden\" name=\"wpforms[id]\" value=\"1171\"><input type=\"hidden\" name=\"page_title\" value=\"\"><input type=\"hidden\" name=\"page_url\" value=\"https:\/\/ktg.org\/en\/wp-json\/wp\/v2\/pages\/2\"><input type=\"hidden\" name=\"url_referer\" value=\"\"><button type=\"submit\" name=\"wpforms[submit]\" id=\"wpforms-submit-1171\" class=\"wpforms-submit\" data-alt-text=\"Sending...\" data-submit-text=\"Antrag absenden\" aria-live=\"assertive\" value=\"wpforms-submit\">Antrag absenden<\/button><\/div><\/form><\/div>  <!-- .wpforms-container -->\t\t\t\t<\/div>\n\t\t\t\t<\/div>\n\t\t\t\t\t<\/div>\n\t\t<\/div>\n\t\t\t\t\t<\/div>\n\t\t<\/section>\n\t\t\t\t<section class=\"elementor-section elementor-top-section elementor-element elementor-element-4c41804 elementor-section-boxed elementor-section-height-default elementor-section-height-default\" data-id=\"4c41804\" data-element_type=\"section\" data-e-type=\"section\">\n\t\t\t\t\t\t<div class=\"elementor-container elementor-column-gap-default\">\n\t\t\t\t\t<div class=\"elementor-column elementor-col-100 elementor-top-column elementor-element elementor-element-abba74a\" data-id=\"abba74a\" data-element_type=\"column\" data-e-type=\"column\">\n\t\t\t<div class=\"elementor-widget-wrap elementor-element-populated\">\n\t\t\t\t\t\t<div class=\"elementor-element elementor-element-098b7a0 elementor-widget elementor-widget-heading\" data-id=\"098b7a0\" data-element_type=\"widget\" data-e-type=\"widget\" data-widget_type=\"heading.default\">\n\t\t\t\t<div class=\"elementor-widget-container\">\n\t\t\t\t\t<h2 class=\"elementor-heading-title elementor-size-default\">Download:<\/h2>\t\t\t\t<\/div>\n\t\t\t\t<\/div>\n\t\t\t\t\t<\/div>\n\t\t<\/div>\n\t\t\t\t\t<\/div>\n\t\t<\/section>\n\t\t\t\t<section class=\"elementor-section elementor-top-section elementor-element elementor-element-e0451d4 elementor-section-boxed elementor-section-height-default elementor-section-height-default\" data-id=\"e0451d4\" data-element_type=\"section\" data-e-type=\"section\">\n\t\t\t\t\t\t<div class=\"elementor-container elementor-column-gap-default\">\n\t\t\t\t\t<div class=\"elementor-column elementor-col-100 elementor-top-column elementor-element elementor-element-63b4a94\" data-id=\"63b4a94\" data-element_type=\"column\" data-e-type=\"column\">\n\t\t\t<div class=\"elementor-widget-wrap\">\n\t\t\t\t\t\t\t<\/div>\n\t\t<\/div>\n\t\t\t\t\t<\/div>\n\t\t<\/section>\n\t\t\t\t<section class=\"elementor-section elementor-top-section elementor-element elementor-element-a14eb49 elementor-section-boxed elementor-section-height-default elementor-section-height-default\" data-id=\"a14eb49\" data-element_type=\"section\" data-e-type=\"section\">\n\t\t\t\t\t\t<div class=\"elementor-container elementor-column-gap-default\">\n\t\t\t\t\t<div class=\"elementor-column elementor-col-100 elementor-top-column elementor-element elementor-element-8ff32de\" data-id=\"8ff32de\" data-element_type=\"column\" data-e-type=\"column\">\n\t\t\t<div class=\"elementor-widget-wrap elementor-element-populated\">\n\t\t\t\t\t\t<div class=\"elementor-element elementor-element-fb8b36d elementor-icon-list--layout-traditional elementor-list-item-link-full_width elementor-widget elementor-widget-icon-list\" data-id=\"fb8b36d\" data-element_type=\"widget\" data-e-type=\"widget\" data-widget_type=\"icon-list.default\">\n\t\t\t\t<div class=\"elementor-widget-container\">\n\t\t\t\t\t\t\t<ul class=\"elementor-icon-list-items\">\n\t\t\t\t\t\t\t<li class=\"elementor-icon-list-item\">\n\t\t\t\t\t\t\t\t\t\t\t<a href=\"https:\/\/ktg.org\/wp-content\/uploads\/2024\/01\/KTG_Beitragsordnung.pdf\">\n\n\t\t\t\t\t\t\t\t\t\t\t\t<span class=\"elementor-icon-list-icon\">\n\t\t\t\t\t\t\t<i aria-hidden=\"true\" class=\"fas fa-check\"><\/i>\t\t\t\t\t\t<\/span>\n\t\t\t\t\t\t\t\t\t\t<span class=\"elementor-icon-list-text\">KTG Beitragsordnung<\/span>\n\t\t\t\t\t\t\t\t\t\t\t<\/a>\n\t\t\t\t\t\t\t\t\t<\/li>\n\t\t\t\t\t\t\t\t<li class=\"elementor-icon-list-item\">\n\t\t\t\t\t\t\t\t\t\t\t<a href=\"https:\/\/ktg.org\/wp-content\/uploads\/2024\/01\/KTG-Satzung_20230613.pdf\">\n\n\t\t\t\t\t\t\t\t\t\t\t\t<span class=\"elementor-icon-list-icon\">\n\t\t\t\t\t\t\t<i aria-hidden=\"true\" class=\"fas fa-times\"><\/i>\t\t\t\t\t\t<\/span>\n\t\t\t\t\t\t\t\t\t\t<span class=\"elementor-icon-list-text\">KTG Satzung<\/span>\n\t\t\t\t\t\t\t\t\t\t\t<\/a>\n\t\t\t\t\t\t\t\t\t<\/li>\n\t\t\t\t\t\t\t\t<li class=\"elementor-icon-list-item\">\n\t\t\t\t\t\t\t\t\t\t\t<a href=\"https:\/\/ktg.org\/wp-content\/uploads\/2024\/01\/KTG-Aufnahmeantrag.pdf\">\n\n\t\t\t\t\t\t\t\t\t\t\t\t<span class=\"elementor-icon-list-icon\">\n\t\t\t\t\t\t\t<i aria-hidden=\"true\" class=\"fas fa-dot-circle\"><\/i>\t\t\t\t\t\t<\/span>\n\t\t\t\t\t\t\t\t\t\t<span class=\"elementor-icon-list-text\">KTG Aufnahmeantrag<\/span>\n\t\t\t\t\t\t\t\t\t\t\t<\/a>\n\t\t\t\t\t\t\t\t\t<\/li>\n\t\t\t\t\t\t<\/ul>\n\t\t\t\t\t\t<\/div>\n\t\t\t\t<\/div>\n\t\t\t\t\t<\/div>\n\t\t<\/div>\n\t\t\t\t\t<\/div>\n\t\t<\/section>\n\t\t\t\t<\/div>\n\t\t","protected":false},"excerpt":{"rendered":"<p>Bitte aktiviere JavaScript in deinem Browser, um dieses Formular fertigzustellen.Name *VornameNachnameAdresse (Stra\u00dfe &amp; Hausnummer) *Adresse (PLZ) *Adresse (Stadt) *Adresse (Land) *Ihre Email Adresse *Akademischer TitelWahlm\u00f6glichkeit 4Dr.Dipl.Kfm.Geburtstag *Telefonnumer *Firma\/FunktionIch beantrage die Aufnahme in die Kerntechnische Gesellschaft e. V. (KTG) als: * F\u00f6rdermitglied Einzelmitglied (Beitr\u00e4ge siehe Beitragsordnung, Aufnahmevoraussetzungen siehe Satzung)Status: * erwerbst\u00e4tig [&hellip;]<\/p>\n","protected":false},"author":1,"featured_media":0,"parent":0,"menu_order":0,"comment_status":"closed","ping_status":"closed","template":"","meta":{"footnotes":""},"class_list":["post-2","page","type-page","status-publish","hentry"],"aioseo_notices":[],"_links":{"self":[{"href":"https:\/\/ktg.org\/en\/wp-json\/wp\/v2\/pages\/2","targetHints":{"allow":["GET"]}}],"collection":[{"href":"https:\/\/ktg.org\/en\/wp-json\/wp\/v2\/pages"}],"about":[{"href":"https:\/\/ktg.org\/en\/wp-json\/wp\/v2\/types\/page"}],"author":[{"embeddable":true,"href":"https:\/\/ktg.org\/en\/wp-json\/wp\/v2\/users\/1"}],"replies":[{"embeddable":true,"href":"https:\/\/ktg.org\/en\/wp-json\/wp\/v2\/comments?post=2"}],"version-history":[{"count":0,"href":"https:\/\/ktg.org\/en\/wp-json\/wp\/v2\/pages\/2\/revisions"}],"wp:attachment":[{"href":"https:\/\/ktg.org\/en\/wp-json\/wp\/v2\/media?parent=2"}],"curies":[{"name":"wp","href":"https:\/\/api.w.org\/{rel}","templated":true}]}}